{"id":55,"date":"2025-06-03T22:40:49","date_gmt":"2025-06-03T20:40:49","guid":{"rendered":"https:\/\/przychodniaremedium.pl\/?page_id=55"},"modified":"2025-06-05T19:38:32","modified_gmt":"2025-06-05T17:38:32","slug":"dla-pacjenta","status":"publish","type":"page","link":"https:\/\/przychodniaremedium.pl\/?page_id=55","title":{"rendered":"Dla Pacjenta"},"content":{"rendered":"\n<div class=\"wp-block-media-text alignwide is-stacked-on-mobile\" style=\"grid-template-columns:30% auto\"><figure class=\"wp-block-media-text__media\"><a href=\"https:\/\/przychodniaremedium.pl\/?page_id=314\"><img decoding=\"async\" src=\"https:\/\/cdn.stocksnap.io\/img-thumbs\/960w\/C2799653AA.jpg\" alt=\"\"\/><\/a><\/figure><div class=\"wp-block-media-text__content\">\n<p><strong><b><h3>INFORMATOR O TERMINACH LECZENIA<\/h3><\/b><\/strong><\/p>\n<\/div><\/div>\n\n\n\n<div class=\"wp-block-media-text alignwide is-stacked-on-mobile\" style=\"grid-template-columns:30% auto\"><figure class=\"wp-block-media-text__media\"><a href=\"https:\/\/przychodniaremedium.pl\/?page_id=319\"><img loading=\"lazy\" decoding=\"async\" width=\"1200\" height=\"800\" src=\"https:\/\/przychodniaremedium.pl\/wp-content\/uploads\/2025\/06\/pd58batch1-23256-ploy.jpg\" alt=\"\" class=\"wp-image-308 size-full\" srcset=\"https:\/\/przychodniaremedium.pl\/wp-content\/uploads\/2025\/06\/pd58batch1-23256-ploy.jpg 1200w, https:\/\/przychodniaremedium.pl\/wp-content\/uploads\/2025\/06\/pd58batch1-23256-ploy-300x200.jpg 300w, https:\/\/przychodniaremedium.pl\/wp-content\/uploads\/2025\/06\/pd58batch1-23256-ploy-1024x683.jpg 1024w, https:\/\/przychodniaremedium.pl\/wp-content\/uploads\/2025\/06\/pd58batch1-23256-ploy-768x512.jpg 768w\" sizes=\"auto, (max-width: 1200px) 100vw, 1200px\" \/><\/a><\/figure><div class=\"wp-block-media-text__content\">\n<p><strong><b><h3>SZCZEPIENIA &#8211; porady i kalendarze<\/h3><\/b><\/strong><\/p>\n<\/div><\/div>\n\n\n\n<div class=\"wp-block-media-text alignwide is-stacked-on-mobile\" style=\"grid-template-columns:31% auto\"><figure class=\"wp-block-media-text__media\"><img loading=\"lazy\" decoding=\"async\" width=\"960\" height=\"640\" src=\"https:\/\/przychodniaremedium.pl\/wp-content\/uploads\/2025\/06\/4S23GF9HGW.jpg\" alt=\"\" class=\"wp-image-310 size-full\" srcset=\"https:\/\/przychodniaremedium.pl\/wp-content\/uploads\/2025\/06\/4S23GF9HGW.jpg 960w, https:\/\/przychodniaremedium.pl\/wp-content\/uploads\/2025\/06\/4S23GF9HGW-300x200.jpg 300w, https:\/\/przychodniaremedium.pl\/wp-content\/uploads\/2025\/06\/4S23GF9HGW-768x512.jpg 768w\" sizes=\"auto, (max-width: 960px) 100vw, 960px\" \/><\/figure><div class=\"wp-block-media-text__content\">\n<p><strong><b><h3>ZDROWY TRYB \u017bYCIA<\/strong><\/b><\/h3><\/p>\n<\/div><\/div>\n\n\n\n<div class=\"wp-block-media-text alignwide is-stacked-on-mobile\" style=\"grid-template-columns:30% auto\"><figure class=\"wp-block-media-text__media\"><img loading=\"lazy\" decoding=\"async\" width=\"960\" height=\"640\" src=\"https:\/\/przychodniaremedium.pl\/wp-content\/uploads\/2025\/06\/XUBW66MBRQ.jpg\" alt=\"\" class=\"wp-image-307 size-full\" srcset=\"https:\/\/przychodniaremedium.pl\/wp-content\/uploads\/2025\/06\/XUBW66MBRQ.jpg 960w, https:\/\/przychodniaremedium.pl\/wp-content\/uploads\/2025\/06\/XUBW66MBRQ-300x200.jpg 300w, https:\/\/przychodniaremedium.pl\/wp-content\/uploads\/2025\/06\/XUBW66MBRQ-768x512.jpg 768w\" sizes=\"auto, (max-width: 960px) 100vw, 960px\" \/><\/figure><div class=\"wp-block-media-text__content\">\n<p><strong><b><h3>PORADY DIETETYCZNE<\/strong><\/b><\/h3><\/p>\n<\/div><\/div>\n\n\n\n<div class=\"wp-block-media-text alignwide is-stacked-on-mobile\" style=\"grid-template-columns:30% auto\"><figure class=\"wp-block-media-text__media\"><img decoding=\"async\" src=\"https:\/\/cdn.stocksnap.io\/img-thumbs\/960w\/XRNYW2FAMX.jpg\" alt=\"\"\/><\/figure><div class=\"wp-block-media-text__content\">\n<p><strong><b><h3>PROFILAKTYKA CHOR\u00d3B UK\u0141. KR\u0104\u017bENIA<\/b><\/h3><\/strong><\/p>\n<\/div><\/div>\n\n\n\n<div class=\"wp-block-media-text alignwide is-stacked-on-mobile\" style=\"grid-template-columns:30% auto\"><figure class=\"wp-block-media-text__media\"><img loading=\"lazy\" decoding=\"async\" width=\"1024\" height=\"1024\" src=\"https:\/\/przychodniaremedium.pl\/wp-content\/uploads\/2025\/06\/czNmcy1wcml2YXRlL3Jhd3BpeGVsX2ltYWdlcy93ZWJzaXRlX2NvbnRlbnQvam9iNjY3LTE2MC14LmpwZw.webp\" alt=\"\" class=\"wp-image-309 size-full\" srcset=\"https:\/\/przychodniaremedium.pl\/wp-content\/uploads\/2025\/06\/czNmcy1wcml2YXRlL3Jhd3BpeGVsX2ltYWdlcy93ZWJzaXRlX2NvbnRlbnQvam9iNjY3LTE2MC14LmpwZw.webp 1024w, https:\/\/przychodniaremedium.pl\/wp-content\/uploads\/2025\/06\/czNmcy1wcml2YXRlL3Jhd3BpeGVsX2ltYWdlcy93ZWJzaXRlX2NvbnRlbnQvam9iNjY3LTE2MC14LmpwZw-300x300.webp 300w, https:\/\/przychodniaremedium.pl\/wp-content\/uploads\/2025\/06\/czNmcy1wcml2YXRlL3Jhd3BpeGVsX2ltYWdlcy93ZWJzaXRlX2NvbnRlbnQvam9iNjY3LTE2MC14LmpwZw-150x150.webp 150w, https:\/\/przychodniaremedium.pl\/wp-content\/uploads\/2025\/06\/czNmcy1wcml2YXRlL3Jhd3BpeGVsX2ltYWdlcy93ZWJzaXRlX2NvbnRlbnQvam9iNjY3LTE2MC14LmpwZw-768x768.webp 768w\" sizes=\"auto, (max-width: 1024px) 100vw, 1024px\" \/><\/figure><div class=\"wp-block-media-text__content\">\n<p><strong><b><h3>PROFILAKTYKA CHOR\u00d3B P\u0141UC<\/b><\/h3><\/strong><\/p>\n<\/div><\/div>\n","protected":false},"excerpt":{"rendered":"<p>INFORMATOR O TERMINACH LECZENIA SZCZEPIENIA &#8211; porady i kalendarze ZDROWY TRYB \u017bYCIA PORADY DIETETYCZNE PROFILAKTYKA CHOR\u00d3B UK\u0141. KR\u0104\u017bENIA PROFILAKTYKA CHOR\u00d3B P\u0141UC<\/p>\n","protected":false},"author":1,"featured_media":0,"parent":2,"menu_order":0,"comment_status":"closed","ping_status":"closed","template":"","meta":{"footnotes":""},"class_list":["post-55","page","type-page","status-publish","hentry"],"_links":{"self":[{"href":"https:\/\/przychodniaremedium.pl\/index.php?rest_route=\/wp\/v2\/pages\/55","targetHints":{"allow":["GET"]}}],"collection":[{"href":"https:\/\/przychodniaremedium.pl\/index.php?rest_route=\/wp\/v2\/pages"}],"about":[{"href":"https:\/\/przychodniaremedium.pl\/index.php?rest_route=\/wp\/v2\/types\/page"}],"author":[{"embeddable":true,"href":"https:\/\/przychodniaremedium.pl\/index.php?rest_route=\/wp\/v2\/users\/1"}],"replies":[{"embeddable":true,"href":"https:\/\/przychodniaremedium.pl\/index.php?rest_route=%2Fwp%2Fv2%2Fcomments&post=55"}],"version-history":[{"count":5,"href":"https:\/\/przychodniaremedium.pl\/index.php?rest_route=\/wp\/v2\/pages\/55\/revisions"}],"predecessor-version":[{"id":324,"href":"https:\/\/przychodniaremedium.pl\/index.php?rest_route=\/wp\/v2\/pages\/55\/revisions\/324"}],"up":[{"embeddable":true,"href":"https:\/\/przychodniaremedium.pl\/index.php?rest_route=\/wp\/v2\/pages\/2"}],"wp:attachment":[{"href":"https:\/\/przychodniaremedium.pl\/index.php?rest_route=%2Fwp%2Fv2%2Fmedia&parent=55"}],"curies":[{"name":"wp","href":"https:\/\/api.w.org\/{rel}","templated":true}]}}