{"id":336,"date":"2025-06-16T15:34:31","date_gmt":"2025-06-16T13:34:31","guid":{"rendered":"https:\/\/przychodniaremedium.pl\/?page_id=336"},"modified":"2025-07-04T11:53:58","modified_gmt":"2025-07-04T09:53:58","slug":"tablica-informacyjna","status":"publish","type":"page","link":"https:\/\/przychodniaremedium.pl\/?page_id=336","title":{"rendered":"Tablica informacyjna"},"content":{"rendered":"\n<div class=\"wp-block-group is-vertical is-content-justification-center is-layout-flex wp-container-core-group-is-layout-ce155fab wp-block-group-is-layout-flex\">\n<p class=\"has-text-align-center\"><strong><u>GODZINY OTWARCIA PORADNI<\/u><\/strong><br><strong>poniedzia\u0142ek \u2013 pi\u0105tek<br>8:00-18:00<\/strong><\/p>\n<\/div>\n\n\n\n<p class=\"has-text-align-center\"><strong><u>GODZINY REJESTRACJI<\/u><\/strong><br><strong>poniedzia\u0142ek \u2013 pi\u0105tek<\/strong><br><strong>8:00-17:30<\/strong><\/p>\n\n\n\n<p class=\"has-text-align-center\"><strong><u>GODZINY REJESTRACJI TELEFONICZNEJ<\/u><\/strong><br><strong>poniedzia\u0142ek \u2013 pi\u0105tek<\/strong><br><strong>8:30-17:30<\/strong><br><strong>NR TELEFONU: +48 32 431 26 50<\/strong><\/p>\n\n\n\n<p class=\"has-text-align-center\"><strong>Szanowni Pa\u0144stwo, dok\u0142adamy wszelkich stara\u0144,&nbsp; aby porady odby\u0142y si\u0119 w wyznaczonych terminach.<\/strong> <strong>Kolejno\u015b\u0107 przyjmowania pacjent\u00f3w mo\u017ce ulec zmianie.<\/strong> <strong>O kolejno\u015bci decyduje lekarz<\/strong>.<\/p>\n\n\n\n<p class=\"has-text-align-center\"><sup><strong>NZOZ \u201d Remedium\u201d nie odpowiada za rzeczy pozostawione w poczekalni<\/strong><\/sup><\/p>\n\n\n\n<p class=\"has-text-align-center\">NOCNA I \u015aWI\u0104TECZNA OPIEKA MEDYCZNA<\/p>\n\n\n\n<p class=\"has-text-align-center\">DLA MIESZKA\u0143C\u00d3W GMINY CZERWIONKA-LESZCZYNY<\/p>\n\n\n\n<p class=\"has-text-align-center\">PRZEG\u0118DZA, UL. SZKOLNA 13 A<\/p>\n\n\n\n<p class=\"has-text-align-center\">TEL.&nbsp;32&nbsp;430&nbsp;90&nbsp;86<\/p>\n\n\n\n<figure class=\"wp-block-pullquote has-text-align-center\"><blockquote><p><strong><mark style=\"background-color:rgba(0, 0, 0, 0)\" class=\"has-inline-color has-contrast-2-color\">RECEPTY<\/mark><\/strong><\/p><cite><strong>Do wypisania recepty bez wizyty konieczne jest dostarczenie Pisemnej informacji o lekach, kt\u00f3re maj\u0105 by\u0107 wypisane, \u0142\u0105cznie z dawk\u0105, ilo\u015bci\u0105 opakowa\u0144 i danymi pacjenta.<\/strong><br><strong>&nbsp;<\/strong><br><strong>Przy ilo\u015bci powy\u017cej 2 op. &#8211; konieczne podanie dawkowania.<\/strong><br><strong>UWAGA: Nie przyjmujemy zlece\u0144 telefonicznie.<\/strong><\/cite><\/blockquote><\/figure>\n\n\n\n<figure class=\"wp-block-pullquote has-text-align-center\"><blockquote><p><strong><mark style=\"background-color:rgba(0, 0, 0, 0)\" class=\"has-inline-color has-contrast-2-color\">Zwolnienia lekarskie<\/mark><\/strong><\/p><cite><strong>Do wystawienia zwolnienia lekarskiego lub opieki nad dzieckiem niezb\u0119dne jest podanie danych w rejestracji: aktualny adres, NIP zak\u0142adu pracy,<br>nazwa i adres zak\u0142adu pracy.<\/strong><\/cite><\/blockquote><\/figure>\n\n\n\n<p class=\"has-text-align-center\"><strong><mark style=\"background-color:rgba(0, 0, 0, 0)\" class=\"has-inline-color has-contrast-2-color\"><strong>ODP\u0141ATNO\u015aCI ZA ZA\u015aWIADCZENIA LEKARSKIE<\/strong><\/mark><\/strong><\/p>\n\n\n\n<ol class=\"wp-block-list\">\n<li><strong>Szczepienie \u2013 150z\u0142<\/strong><\/li>\n\n\n\n<li><strong>Porada lekarska \u2013 150z\u0142<\/strong><\/li>\n\n\n\n<li><strong>Us\u0142uga piel\u0119gniarska \u2013 100z\u0142<\/strong><\/li>\n\n\n\n<li><strong>Kserokopia dokumentacji medycznej \u2013 50gr za stron\u0119<\/strong><\/li>\n\n\n\n<li><strong>EKG \u2013 50z\u0142<\/strong><\/li>\n\n\n\n<li><strong>Wydanie za\u015bwiadczenia \u2013 50z\u0142<\/strong><\/li>\n\n\n\n<li><strong>Wydanie recepty \u2013 150z\u0142<\/strong><\/li>\n<\/ol>\n\n\n\n<p><strong>Bezp\u0142atne dla pacjenta s\u0105:<\/strong><br>Orzeczenia i za\u015bwiadczenia lekarskie zwi\u0105zane z:<br> &#8211; Dalszym leczeniem,<br> &#8211; Rehabilitacj\u0105,<br> &#8211; Niezdolno\u015bci\u0105 do pracy,<br> &#8211; Kontynuowaniem nauki,<br> &#8211; Uczestnictwem dzieci, uczni\u00f3w, s\u0142uchaczy zak\u0142ad\u00f3w kszta\u0142cenia nauczycieli i student\u00f3w w zaj\u0119ciach sportowych i w zorganizowanym wypoczynku.<\/p>\n\n\n\n<p>Wydawane dla cel\u00f3w:<br> &#8211; Pomocy spo\u0142ecznej,<br> &#8211; Orzecznictwa o niepe\u0142nosprawno\u015bci,<br> &#8211; Uzyskania zasi\u0142ku piel\u0119gnacyjnego,<br> &#8211; Ustalenia przyczyn i rodzaju uszkodze\u0144 cia\u0142a zwi\u0105zanych z u\u017cyciem przemocy w rodzinie,<br> &#8211; Uzyskanie dodatku lub jednorazowej zapomogi z tytu\u0142u urodzenia si\u0119 dziecka.<\/p>\n\n\n\n<p><strong>Za wszystkie pozosta\u0142e za\u015bwiadczenia, wydawane na pro\u015bb\u0119 pacjenta do innych cel\u00f3w, p\u0142aci pacjent.<\/strong><\/p>\n\n\n\n<figure class=\"wp-block-pullquote has-text-align-center\"><blockquote><p><strong><mark style=\"background-color:rgba(0, 0, 0, 0)\" class=\"has-inline-color has-contrast-2-color\">WA\u017bNE<\/mark><\/strong><\/p><cite><strong>Zgodnie z nowelizacj\u0105 ustawy o \u015bwiadczeniach opieki zdrowotnej finansowanych ze \u015brodk\u00f3w publicznych pracownik rejestracji ma obowi\u0105zek potwierdzi\u0107 to\u017csamo\u015b\u0107 pacjenta. <\/strong><\/cite><\/blockquote><\/figure>\n\n\n\n<p><strong>W zwi\u0105zku z powy\u017cszym do rejestracji poradni opr\u00f3cz dokumentu potwierdzaj\u0105cego ubezpieczenie nale\u017cy zg\u0142osi\u0107 si\u0119 z jednym z ni\u017cej wymienionych dokument\u00f3w:<\/strong><br><strong><br>W przypadku osoby doros\u0142ej<br>a. Dow\u00f3d osobisty<br>b. Paszport<br>c. Prawo jazdy<br>W przypadku ucz\u0105cych si\u0119 dzieci do 18 roku \u017cycia<br>a. Legitymacja szkolna<br>b. Dow\u00f3d osobisty<br>c. Paszport<br>W przypadku dzieci do 6 roku \u017cycia<br>a. Paszport<br>b. Dow\u00f3d biometryczny<br>c. O\u015bwiadczenie rodzica lub opiekuna<\/strong><\/p>\n\n\n\n<p><strong>Prawo do \u015bwiadcze\u0144 mo\u017cesz potwierdzi\u0107 na kilka sposob\u00f3w:<\/strong><\/p>\n\n\n\n<ul class=\"wp-block-list\">\n<li>\u015bwiadczeniodawca (np. przychodnia) potwierdza je w systemie elektronicznej Weryfikacji Uprawnie\u0144 \u015awiadczeniobiorc\u00f3w (eWU\u015a) na podstawie Twojego numeru PESEL;<\/li>\n\n\n\n<li>przedstawiasz dokument, kt\u00f3ry potwierdza prawo do \u015bwiadcze\u0144 (np. druk ZUS RMUA, legitymacja emeryta);<\/li>\n\n\n\n<li>podpisujesz o\u015bwiadczenie, \u017ce przys\u0142uguje Ci prawo do korzystania z opieki zdrowotnej \u2013 o o\u015bwiadczeniu przeczytasz w zak\u0142adce O\u015bwiadczenia.<br>Je\u017celi systemu eWU\u015a zweryfikuje Ci\u0119 negatywnie (tzw. kolor czerwony), przedstaw dokument, kt\u00f3ry potwierdzi Twoje prawo do \u015bwiadcze\u0144, lub z\u0142\u00f3\u017c pisemne o\u015bwiadczenie. Dokument, kt\u00f3ry potwierdza Twoje prawo do \u015bwiadcze\u0144, mo\u017cesz przedstawi\u0107 po uzyskaniu \u015bwiadczenia tylko: w stanach nag\u0142ych, lub gdy nie mo\u017cesz z\u0142o\u017cy\u0107 o\u015bwiadczenia ze wzgl\u0119du na stan zdrowia.<\/li>\n<\/ul>\n\n\n\n<p><\/p>\n\n\n\n<p><\/p>\n\n\n\n<hr class=\"wp-block-separator has-alpha-channel-opacity\"\/>\n\n\n\n<p class=\"has-text-align-center\">BIURO RZECZNIKA PRAW PACJENTA<br>01-231 WARSZAWA, UL. P\u0141OCKA 11\/13; <br>www.bpp.gov.pl , infolinia: 800-190-590<br><br>\u015al\u0105ski Oddzia\u0142 Wojew\u00f3dzki NFZ<br>40-844 Katowice, ul. Kossutha 13 tel. 32\/735-17-00<br>Dzia\u0142 Skarg i Wniosk\u00f3w \u015al\u0105skiego Oddzia\u0142u Wojew\u00f3dzkiego NFZ<br>40-844 KATOWICE ul. Kossutha 13 tel.: 32\/735-05-45<\/p>\n\n\n\n<p class=\"has-text-align-center\"><\/p>\n\n\n\n<p><\/p>\n","protected":false},"excerpt":{"rendered":"<p>GODZINY OTWARCIA PORADNIponiedzia\u0142ek \u2013 pi\u0105tek8:00-18:00 GODZINY REJESTRACJIponiedzia\u0142ek \u2013 pi\u0105tek8:00-17:30 GODZINY REJESTRACJI TELEFONICZNEJponiedzia\u0142ek \u2013 pi\u0105tek8:30-17:30NR TELEFONU: +48 32 431 26 50 Szanowni Pa\u0144stwo, dok\u0142adamy wszelkich stara\u0144,&nbsp; aby porady odby\u0142y si\u0119 w wyznaczonych terminach. Kolejno\u015b\u0107 przyjmowania pacjent\u00f3w mo\u017ce ulec zmianie. O kolejno\u015bci decyduje lekarz. NZOZ \u201d Remedium\u201d nie odpowiada za rzeczy pozostawione w poczekalni NOCNA I \u015aWI\u0104TECZNA [&hellip;]<\/p>\n","protected":false},"author":1,"featured_media":0,"parent":0,"menu_order":0,"comment_status":"closed","ping_status":"closed","template":"","meta":{"footnotes":""},"class_list":["post-336","page","type-page","status-publish","hentry"],"_links":{"self":[{"href":"https:\/\/przychodniaremedium.pl\/index.php?rest_route=\/wp\/v2\/pages\/336","targetHints":{"allow":["GET"]}}],"collection":[{"href":"https:\/\/przychodniaremedium.pl\/index.php?rest_route=\/wp\/v2\/pages"}],"about":[{"href":"https:\/\/przychodniaremedium.pl\/index.php?rest_route=\/wp\/v2\/types\/page"}],"author":[{"embeddable":true,"href":"https:\/\/przychodniaremedium.pl\/index.php?rest_route=\/wp\/v2\/users\/1"}],"replies":[{"embeddable":true,"href":"https:\/\/przychodniaremedium.pl\/index.php?rest_route=%2Fwp%2Fv2%2Fcomments&post=336"}],"version-history":[{"count":6,"href":"https:\/\/przychodniaremedium.pl\/index.php?rest_route=\/wp\/v2\/pages\/336\/revisions"}],"predecessor-version":[{"id":355,"href":"https:\/\/przychodniaremedium.pl\/index.php?rest_route=\/wp\/v2\/pages\/336\/revisions\/355"}],"wp:attachment":[{"href":"https:\/\/przychodniaremedium.pl\/index.php?rest_route=%2Fwp%2Fv2%2Fmedia&parent=336"}],"curies":[{"name":"wp","href":"https:\/\/api.w.org\/{rel}","templated":true}]}}