{"id":319,"date":"2025-06-05T19:36:55","date_gmt":"2025-06-05T17:36:55","guid":{"rendered":"https:\/\/przychodniaremedium.pl\/?page_id=319"},"modified":"2025-06-05T19:42:45","modified_gmt":"2025-06-05T17:42:45","slug":"szczepienia-porady-i-kalendarze","status":"publish","type":"page","link":"https:\/\/przychodniaremedium.pl\/?page_id=319","title":{"rendered":"SZCZEPIENIA \u2013 porady i kalendarze"},"content":{"rendered":"\n<p><\/p>\n\n\n\n<div class=\"wp-block-group has-global-padding is-layout-constrained wp-block-group-is-layout-constrained\">\n<pre class=\"wp-block-verse has-text-align-center\"><b><center><strong><h2>SZCZEPIENIA<\/strong><br>Wszystko co potrzebujesz wiedzie\u0107!<\/pre><\/h2><\/center><\/b>\n<\/div>\n\n\n\n<div class=\"wp-block-media-text alignwide is-stacked-on-mobile\" style=\"grid-template-columns:19% auto\"><figure class=\"wp-block-media-text__media\"><a href=\"https:\/\/szczepienia.pzh.gov.pl\/\"><img loading=\"lazy\" decoding=\"async\" width=\"225\" height=\"225\" src=\"https:\/\/przychodniaremedium.pl\/wp-content\/uploads\/2025\/06\/szczepieniainfo.png\" alt=\"\" class=\"wp-image-321 size-full\" srcset=\"https:\/\/przychodniaremedium.pl\/wp-content\/uploads\/2025\/06\/szczepieniainfo.png 225w, https:\/\/przychodniaremedium.pl\/wp-content\/uploads\/2025\/06\/szczepieniainfo-150x150.png 150w\" sizes=\"auto, (max-width: 225px) 100vw, 225px\" \/><\/a><\/figure><div class=\"wp-block-media-text__content\">\n<p>Co to jest szczepionka? Przed jakimi chorobami mo\u017cemy si\u0119 zaszczepi\u0107? Jakie szczepionki s\u0105 refundowane? Na te i inne pytania odpowiedzi znajdziesz u \u017ar\u00f3d\u0142a!<br><br><a href=\"https:\/\/szczepienia.pzh.gov.pl\/\"><strong>WWW.SZCZEPIENIA.INFO<\/strong><br><\/a><\/p>\n<\/div><\/div>\n\n\n\n<h2 class=\"wp-block-heading\">Szczepienia obowi\u0105zkowe i zalecane<\/h2>\n\n\n\n<p>Szczepienia maj\u0105 dwa g\u0142\u00f3wne cele:<\/p>\n\n\n\n<ol class=\"wp-block-list\">\n<li>zapewni\u0107 maksymaln\u0105 ochron\u0119 przed zachorowaniem na gro\u017ane choroby zaka\u017ane,<\/li>\n\n\n\n<li>wyeliminowa\u0107 wyst\u0119powanie poszczeg\u00f3lnych chor\u00f3b zaka\u017anych w spo\u0142ecze\u0144stwie.<\/li>\n<\/ol>\n\n\n\n<h3 class=\"wp-block-heading\">Szczepienia obowi\u0105zkowe<\/h3>\n\n\n\n<p>Do szczepie\u0144 obowi\u0105zkowych zaliczamy szczepienia przeciwko:<\/p>\n\n\n\n<ul class=\"wp-block-list\">\n<li>gru\u017alicy,<\/li>\n\n\n\n<li>wirusowemu zapaleniu w\u0105troby typu B,<\/li>\n\n\n\n<li>b\u0142onicy,<\/li>\n\n\n\n<li>krztu\u015bcowi,<\/li>\n\n\n\n<li>t\u0119\u017ccowi,<\/li>\n\n\n\n<li>ostremu nagminnemu pora\u017ceniu dzieci\u0119cemu (poliomyelitis),<\/li>\n\n\n\n<li>odrze,<\/li>\n\n\n\n<li>\u015bwince,<\/li>\n\n\n\n<li>r\u00f3\u017cyczce,<\/li>\n\n\n\n<li>inwazyjnemu zaka\u017ceniu Streptococcus pneumoniae (pneumokokowym),<\/li>\n\n\n\n<li>inwazyjnym zaka\u017ceniom Haemophilus influenzae typu B,<\/li>\n\n\n\n<li>zaka\u017ceniom wywo\u0142anym przez rotawirusy,<\/li>\n\n\n\n<li>ospie wietrznej.<\/li>\n<\/ul>\n\n\n\n<p>U os\u00f3b z grup podwy\u017cszonego ryzyka zachorowania przeprowadza si\u0119 szczepienie przeciw: ospie wietrznej, b\u0142onicy, t\u0119\u017ccowi oraz w\u015bciekli\u017anie (poekspozycyjnie).<br>Kiedy wykona\u0107 szczepienia obowi\u0105zkowe:<\/p>\n\n\n\n<p>1. Pierwsze szczepienia przeciwko gru\u017alicy oraz wirusowemu zapaleniu w\u0105troby typu B dziecko otrzymuje ju\u017c w szpitalu, w pierwszej dobie swojego \u017cycia.<\/p>\n\n\n\n<p>2. Kolejne szczepienia (w tym przeciw pneumokokom, b\u0142onicy, t\u0119\u017ccowi, krztu\u015bcowi, WZW typu B, Hemophilus influenzea typ b i ewentualnie szczepienia zalecane), kt\u00f3renale\u017cy wykona\u0107 w 6 \u2013 8 tygodniu \u017cycia dziecka, wykonuje wybrany przez rodzic\u00f3w lekarz w przychodni podstawowej opieki zdrowotnej.<\/p>\n\n\n\n<h3 class=\"wp-block-heading\">Czy za szczepienie obowi\u0105zkowe trzeba p\u0142aci\u0107<\/h3>\n\n\n\n<p><strong>Szczepienia obowi\u0105zkowe s\u0105 bezp\u0142atne.&nbsp;<\/strong>Je\u015bli jednak zdecydujesz, \u017ce chcesz zaszczepi\u0107 siebie lub swoje dziecko inn\u0105 szczepionk\u0105, ni\u017c ta, kt\u00f3r\u0105 kupi\u0142 minister zdrowia, musisz za ni\u0105 zap\u0142aci\u0107.<\/p>\n\n\n\n<h3 class=\"wp-block-heading\">Kiedy wykona\u0107 szczepienia obowi\u0105zkowe<\/h3>\n\n\n\n<ol class=\"wp-block-list\">\n<li>Pierwsze szczepienia przeciwko\u00a0<strong>gru\u017alicy<\/strong>\u00a0oraz\u00a0<strong>wirusowemu zapaleniu<\/strong>\u00a0<strong>w\u0105troby typu\u00a0B\u00a0<\/strong>dziecko otrzymuje ju\u017c w szpitalu,\u00a0<strong>w pierwszych dobach swojego \u017cycia<\/strong>.<\/li>\n\n\n\n<li>Kolejne szczepienia (przeciwko pneumokokom, b\u0142onicy, t\u0119\u017ccowi, krztu\u015bcowi, WZW typu B, Hemophilus influenzea typ b i ewentualnie szczepienia z grupy zalecanych), kt\u00f3re nale\u017cy wykona\u0107\u00a0<strong>w 6 \u2013 8 tygodniu \u017cycia dziecka<\/strong>, wykonuje wybrany przez rodzic\u00f3w\u00a0<strong>lekarz w przychodni podstawowej opieki zdrowotnej<\/strong>.<\/li>\n<\/ol>\n\n\n\n<h3 class=\"wp-block-heading\">Kogo dotycz\u0105 szczepienia obowi\u0105zkowe<\/h3>\n\n\n\n<p>W Polsce szczepienia obowi\u0105zkowe realizowane s\u0105 wed\u0142ug kalendarza szczepie\u0144 u:<\/p>\n\n\n\n<ul class=\"wp-block-list\">\n<li>dzieci i m\u0142odzie\u017cy do 19 roku \u017cycia,<\/li>\n\n\n\n<li>os\u00f3b szczeg\u00f3lnie nara\u017conych na zachorowanie, czyli student\u00f3w uczelni medycznych, pracownik\u00f3w ochrony zdrowia, pracownik\u00f3w s\u0142u\u017cb weterynaryjnych.<\/li>\n<\/ul>\n\n\n\n<h3 class=\"wp-block-heading\">W jaki spos\u00f3b dzia\u0142aj\u0105 szczepienia<\/h3>\n\n\n\n<p>Je\u017celi szczepi si\u0119 du\u017ca liczba os\u00f3b z danej populacji (powy\u017cej 90%) mo\u017cna zahamowa\u0107 rozprzestrzenianie si\u0119 drobnoustroj\u00f3w, kt\u00f3re wywo\u0142uj\u0105 choroby zaka\u017ane. Zapewnia to ochron\u0119 nie tylko zaszczepionym, ale te\u017c osobom, kt\u00f3re z przyczyn zdrowotnych (np. choruj\u0105cych na nowotwory) nie zosta\u0142y zaszczepione.<\/p>\n\n\n\n<h3 class=\"wp-block-heading\">Czy mo\u017cna zaszczepi\u0107 chore dziecko<\/h3>\n\n\n\n<p><strong>Nie, je\u015bli dziecko zachoruje, w\u00f3wczas nie jest szczepione<\/strong>. W takim przypadku termin szczepie\u0144 ustala lekarz.<\/p>\n\n\n\n<p>W sytuacjach, gdy stan zdrowia dziecka uniemo\u017cliwia zaszczepienie w okre\u015blonym czasie, lekarz ustala indywidualny kalendarz szczepie\u0144.<\/p>\n\n\n\n<h3 class=\"wp-block-heading\">Kto odpowiada za zaszczepienie dzieci<\/h3>\n\n\n\n<p>Za szczepienia obowi\u0105zkowe u dziecka odpowiadaj\u0105 jego rodzice oraz lekarz rodzinny.<\/p>\n\n\n\n<p>Podczas pierwszej wizyty w przychodni popro\u015b lekarza rodzinnego, aby om\u00f3wi\u0142 z tob\u0105 kalendarz szczepie\u0144, a gdy jest taka potrzeba \u2013 dopasowa\u0142 o do indywidualnych potrzeb twojego dziecka.<\/p>\n\n\n\n<p><strong>Uwaga:<\/strong>&nbsp;Je\u015bli&nbsp;<strong>nie zaszczepisz zdrowego dziecka<\/strong>, dopuszczasz si\u0119 zaniedbania i&nbsp;<strong>nara\u017casz je na zachorowanie<\/strong>&nbsp;oraz ewentualne powik\u0142ania choroby zaka\u017anej.<\/p>\n\n\n\n<p><strong>Pami\u0119taj!<\/strong>&nbsp;Przed szczepieniem lekarz musi przebada\u0107 dziecko i uzna\u0107, czy nadaje si\u0119 do szczepienia.<\/p>\n\n\n\n<p>Szczepienia zalecane<\/p>\n\n\n\n<p>Szczepienia zalecane uzupe\u0142niaj\u0105 szczepienia obowi\u0105zkowe. Umo\u017cliwiaj\u0105 szersz\u0105 ochron\u0119 dziecka przed nast\u0119puj\u0105cymi chorobami zaka\u017anymi:<\/p>\n\n\n\n<ul class=\"wp-block-list\">\n<li>ospa wietrzna;<\/li>\n\n\n\n<li>kleszczowe zapalenie m\u00f3zgu;<\/li>\n\n\n\n<li>wirusowe zapalenie w\u0105troby typu A (WZW typu A);<\/li>\n\n\n\n<li>grypa;<\/li>\n\n\n\n<li>zaka\u017cenie rotawirusowe;<\/li>\n\n\n\n<li>zaka\u017cenia meningokokowe.<\/li>\n<\/ul>\n\n\n\n<h3 class=\"wp-block-heading\">Szczepienia zalecane \u2013 przebieg<\/h3>\n\n\n\n<ol class=\"wp-block-list\">\n<li>Uzyskaj recept\u0119 u lekarza.<\/li>\n\n\n\n<li>Kup szczepionk\u0119 w aptece.<\/li>\n\n\n\n<li>Przynie\u015b szczepionk\u0119 do przychodni. Pami\u0119taj, \u017ceby zachowa\u0107\u00a0w\u0142a\u015bciwe warunki transportu.<\/li>\n<\/ol>\n","protected":false},"excerpt":{"rendered":"<p>SZCZEPIENIAWszystko co potrzebujesz wiedzie\u0107! Co to jest szczepionka? Przed jakimi chorobami mo\u017cemy si\u0119 zaszczepi\u0107? Jakie szczepionki s\u0105 refundowane? Na te i inne pytania odpowiedzi znajdziesz u \u017ar\u00f3d\u0142a! WWW.SZCZEPIENIA.INFO Szczepienia obowi\u0105zkowe i zalecane Szczepienia maj\u0105 dwa g\u0142\u00f3wne cele: Szczepienia obowi\u0105zkowe Do szczepie\u0144 obowi\u0105zkowych zaliczamy szczepienia przeciwko: U os\u00f3b z grup podwy\u017cszonego ryzyka zachorowania przeprowadza si\u0119 szczepienie [&hellip;]<\/p>\n","protected":false},"author":1,"featured_media":0,"parent":0,"menu_order":0,"comment_status":"closed","ping_status":"closed","template":"","meta":{"footnotes":""},"class_list":["post-319","page","type-page","status-publish","hentry"],"_links":{"self":[{"href":"https:\/\/przychodniaremedium.pl\/index.php?rest_route=\/wp\/v2\/pages\/319","targetHints":{"allow":["GET"]}}],"collection":[{"href":"https:\/\/przychodniaremedium.pl\/index.php?rest_route=\/wp\/v2\/pages"}],"about":[{"href":"https:\/\/przychodniaremedium.pl\/index.php?rest_route=\/wp\/v2\/types\/page"}],"author":[{"embeddable":true,"href":"https:\/\/przychodniaremedium.pl\/index.php?rest_route=\/wp\/v2\/users\/1"}],"replies":[{"embeddable":true,"href":"https:\/\/przychodniaremedium.pl\/index.php?rest_route=%2Fwp%2Fv2%2Fcomments&post=319"}],"version-history":[{"count":7,"href":"https:\/\/przychodniaremedium.pl\/index.php?rest_route=\/wp\/v2\/pages\/319\/revisions"}],"predecessor-version":[{"id":331,"href":"https:\/\/przychodniaremedium.pl\/index.php?rest_route=\/wp\/v2\/pages\/319\/revisions\/331"}],"wp:attachment":[{"href":"https:\/\/przychodniaremedium.pl\/index.php?rest_route=%2Fwp%2Fv2%2Fmedia&parent=319"}],"curies":[{"name":"wp","href":"https:\/\/api.w.org\/{rel}","templated":true}]}}