{"id":314,"date":"2025-06-03T22:56:13","date_gmt":"2025-06-03T20:56:13","guid":{"rendered":"https:\/\/przychodniaremedium.pl\/?page_id=314"},"modified":"2025-06-03T23:01:13","modified_gmt":"2025-06-03T21:01:13","slug":"informator-o-terminach-leczenia","status":"publish","type":"page","link":"https:\/\/przychodniaremedium.pl\/?page_id=314","title":{"rendered":"Informator o Terminach Leczenia"},"content":{"rendered":"\n<h2 class=\"wp-block-heading has-text-align-center\"><strong>Informator o Terminach Leczenia<\/strong><\/h2>\n\n\n\n<p><\/p>\n\n\n\n<p>Masz skierowanie? Chcesz dosta\u0107 si\u0119 do lekarza specjalisty, do kt\u00f3rego skierowanie nie jest potrzebne? Nie tra\u0107 czasu i zerknij do informatora o terminach leczenia.<\/p>\n\n\n\n<h4 class=\"wp-block-heading\"><strong>Sk\u0105d pochodz\u0105 te dane?<\/strong><\/h4>\n\n\n\n<p>Opublikowane dane, s\u0105 systematycznie przekazywane przez szpitale i przychodnie, pracownie tomografii komputerowej i rezonansu magnetycznego <strong>(blisko 14 tys. plac\u00f3wek medycznych)<\/strong>, kt\u00f3re udzielaj\u0105 \u015bwiadcze\u0144 w ramach umowy z Narodowym Funduszem\u00a0Zdrowia<\/p>\n\n\n\n<h4 class=\"wp-block-heading\"><strong>Korzystaj\u0105c z wyszukiwarki,\u00a0sprawdzisz<\/strong>:<\/h4>\n\n\n\n<ul class=\"wp-block-list\">\n<li>gdzie i kiedy najszybciej uzyskasz pomoc lekarza (dane kontaktowe i lokalizacj\u0119 na mapie poradni i\u00a0szpitali)<\/li>\n\n\n\n<li>ile os\u00f3b oczekuje na leczenie w wybranej przez Ciebie\u00a0plac\u00f3wce<\/li>\n\n\n\n<li>czy w szpitalu lub poradni znajduj\u0105 si\u0119 udogodnienia dla pacjent\u00f3w, takie jak: parking, podjazd dla w\u00f3zk\u00f3w, winda czy specjalnie dostosowana \u0142azienka dla os\u00f3b z\u00a0niepe\u0142nosprawno\u015bci\u0105.<\/li>\n<\/ul>\n\n\n\n<h4 class=\"wp-block-heading\" id=\"instruction1\"><strong>Od czego zacz\u0105\u0107?<\/strong><\/h4>\n\n\n\n<p>Sprawd\u017a na skierowaniu czy lekarz, kt\u00f3ry wystawi\u0142 skierowanie zadecydowa\u0142, \u017ce musisz by\u0107 przyj\u0119ty jak najszybciej (na skierowaniu znajduje si\u0119 wtedy najcz\u0119\u015bciej napis \u201ecito\u201d lub \u201epilne\u201d) &#8211; zaznacz opcj\u0119 przypadek pilny. Je\u017celi nie \u2013 wybierz opcj\u0119 przypadek stabilny.<\/p>\n\n\n\n<p>Je\u017celi skierowanie do lekarza nie jest potrzebne, zadecyduj sam, kt\u00f3r\u0105 opcj\u0119 wybra\u0107. Pomocna mo\u017ce by\u0107 konsultacja z lekarzem, pod kt\u00f3rego jeste\u015b opiek\u0105 (np. lekarz poz). Zajrzyj na stron\u0119, link poni\u017cej:<\/p>\n\n\n\n<p class=\"has-text-align-center\"><a href=\"https:\/\/terminyleczenia.nfz.gov.pl\"><strong>https:\/\/terminyleczenia.nfz.gov.pl<\/strong><\/a><\/p>\n","protected":false},"excerpt":{"rendered":"<p>Informator o Terminach Leczenia Masz skierowanie? Chcesz dosta\u0107 si\u0119 do lekarza specjalisty, do kt\u00f3rego skierowanie nie jest potrzebne? Nie tra\u0107 czasu i zerknij do informatora o terminach leczenia. Sk\u0105d pochodz\u0105 te dane? Opublikowane dane, s\u0105 systematycznie przekazywane przez szpitale i przychodnie, pracownie tomografii komputerowej i rezonansu magnetycznego (blisko 14 tys. plac\u00f3wek medycznych), kt\u00f3re udzielaj\u0105 \u015bwiadcze\u0144 [&hellip;]<\/p>\n","protected":false},"author":1,"featured_media":0,"parent":55,"menu_order":0,"comment_status":"closed","ping_status":"closed","template":"","meta":{"footnotes":""},"class_list":["post-314","page","type-page","status-publish","hentry"],"_links":{"self":[{"href":"https:\/\/przychodniaremedium.pl\/index.php?rest_route=\/wp\/v2\/pages\/314","targetHints":{"allow":["GET"]}}],"collection":[{"href":"https:\/\/przychodniaremedium.pl\/index.php?rest_route=\/wp\/v2\/pages"}],"about":[{"href":"https:\/\/przychodniaremedium.pl\/index.php?rest_route=\/wp\/v2\/types\/page"}],"author":[{"embeddable":true,"href":"https:\/\/przychodniaremedium.pl\/index.php?rest_route=\/wp\/v2\/users\/1"}],"replies":[{"embeddable":true,"href":"https:\/\/przychodniaremedium.pl\/index.php?rest_route=%2Fwp%2Fv2%2Fcomments&post=314"}],"version-history":[{"count":1,"href":"https:\/\/przychodniaremedium.pl\/index.php?rest_route=\/wp\/v2\/pages\/314\/revisions"}],"predecessor-version":[{"id":315,"href":"https:\/\/przychodniaremedium.pl\/index.php?rest_route=\/wp\/v2\/pages\/314\/revisions\/315"}],"up":[{"embeddable":true,"href":"https:\/\/przychodniaremedium.pl\/index.php?rest_route=\/wp\/v2\/pages\/55"}],"wp:attachment":[{"href":"https:\/\/przychodniaremedium.pl\/index.php?rest_route=%2Fwp%2Fv2%2Fmedia&parent=314"}],"curies":[{"name":"wp","href":"https:\/\/api.w.org\/{rel}","templated":true}]}}