{"id":2,"date":"2016-01-01T18:47:29","date_gmt":"2016-01-01T17:47:29","guid":{"rendered":"http:\/\/przychodniaremedium.pl\/?page_id=2"},"modified":"2026-03-31T10:43:47","modified_gmt":"2026-03-31T08:43:47","slug":"strona-glowna","status":"publish","type":"page","link":"https:\/\/przychodniaremedium.pl\/","title":{"rendered":"Strona g\u0142\u00f3wna"},"content":{"rendered":"\n<p>&nbsp;<\/p>\n\n\n\n<figure class=\"wp-block-image alignfull size-full\"><img loading=\"lazy\" decoding=\"async\" width=\"800\" height=\"200\" src=\"https:\/\/przychodniaremedium.pl\/wp-content\/uploads\/2025\/06\/Zzdjecia-3.png\" alt=\"\" class=\"wp-image-276\" srcset=\"https:\/\/przychodniaremedium.pl\/wp-content\/uploads\/2025\/06\/Zzdjecia-3.png 800w, https:\/\/przychodniaremedium.pl\/wp-content\/uploads\/2025\/06\/Zzdjecia-3-300x75.png 300w, https:\/\/przychodniaremedium.pl\/wp-content\/uploads\/2025\/06\/Zzdjecia-3-768x192.png 768w\" sizes=\"auto, (max-width: 800px) 100vw, 800px\" \/><\/figure>\n\n\n\n<p class=\"has-text-align-center\"><strong>&#8222;Remedium&#8221; Lekarska Sp\u00f3\u0142ka Partnerska<br>Edyta Bobula-Pi\u0119tka i Monika Sz\u0142apka-Polok<br>ul. 3 Maja 36c 44-230 Czerwionka-Leszczyny<\/strong><\/p>\n\n\n\n<p class=\"has-text-align-center\">Nasza poradnia jest czynna w dni robocze od <strong>poniedzia\u0142ku<\/strong> do <strong>pi\u0105tku<\/strong> w godzinach <strong>od 8:00 do 18:00<\/strong>.<\/p>\n\n\n\n<p class=\"has-text-align-center\"><strong>telefon: 324312650<\/strong><\/p>\n\n\n\n<p class=\"has-text-align-center\">Adres e-dor\u0119cze\u0144: PL-33127-50656-GDRBR-20<\/p>\n\n\n\n<p>Lokalizacja:<\/p>\n\n\n\n<center><iframe loading=\"lazy\" style=\"border: 10;\" src=\"https:\/\/www.google.com\/maps\/embed?pb=!1m18!1m12!1m3!1d2557.1207955805075!2d18.668258850639823!3d50.154701311406164!2m3!1f0!2f0!3f0!3m2!1i1024!2i768!4f13.1!3m3!1m2!1s0x47114a122d67f85d%3A0xd682f428666e57b!2s3+Maja+36C%2C+44-230+Czerwionka-Leszczyny!5e0!3m2!1spl!2spl!4v1451672250354\" width=\"300\" height=\"200\" frameborder=\"0\" allowfullscreen=\"allowfullscreen\"><\/iframe><\/center>\n\n\n\n<figure class=\"wp-block-image alignfull size-full\"><img loading=\"lazy\" decoding=\"async\" width=\"1000\" height=\"50\" src=\"https:\/\/przychodniaremedium.pl\/wp-content\/uploads\/2025\/06\/belki-800x50-2.png\" alt=\"\" class=\"wp-image-273\" srcset=\"https:\/\/przychodniaremedium.pl\/wp-content\/uploads\/2025\/06\/belki-800x50-2.png 1000w, https:\/\/przychodniaremedium.pl\/wp-content\/uploads\/2025\/06\/belki-800x50-2-300x15.png 300w, https:\/\/przychodniaremedium.pl\/wp-content\/uploads\/2025\/06\/belki-800x50-2-768x38.png 768w\" sizes=\"auto, (max-width: 1000px) 100vw, 1000px\" \/><\/figure>\n\n\n\n<p><strong>2026-03-23<\/strong><\/p>\n\n\n\n<figure class=\"wp-block-image size-full\"><img loading=\"lazy\" decoding=\"async\" width=\"960\" height=\"540\" src=\"https:\/\/przychodniaremedium.pl\/wp-content\/uploads\/2026\/03\/Pogodnych-pelnych-wiary-i-nadziei-Swiat-Wielkanocnych.-Niech-czas-wielkanocny-utrwali-w-Panstwu-poczucie-bezpieczenstwa-i-przyniesie-zasluzony-odpoczynek.-Zyczymy-duzo-zdrowka.jpg\" alt=\"\" class=\"wp-image-389\" srcset=\"https:\/\/przychodniaremedium.pl\/wp-content\/uploads\/2026\/03\/Pogodnych-pelnych-wiary-i-nadziei-Swiat-Wielkanocnych.-Niech-czas-wielkanocny-utrwali-w-Panstwu-poczucie-bezpieczenstwa-i-przyniesie-zasluzony-odpoczynek.-Zyczymy-duzo-zdrowka.jpg 960w, https:\/\/przychodniaremedium.pl\/wp-content\/uploads\/2026\/03\/Pogodnych-pelnych-wiary-i-nadziei-Swiat-Wielkanocnych.-Niech-czas-wielkanocny-utrwali-w-Panstwu-poczucie-bezpieczenstwa-i-przyniesie-zasluzony-odpoczynek.-Zyczymy-duzo-zdrowka-300x169.jpg 300w, https:\/\/przychodniaremedium.pl\/wp-content\/uploads\/2026\/03\/Pogodnych-pelnych-wiary-i-nadziei-Swiat-Wielkanocnych.-Niech-czas-wielkanocny-utrwali-w-Panstwu-poczucie-bezpieczenstwa-i-przyniesie-zasluzony-odpoczynek.-Zyczymy-duzo-zdrowka-768x432.jpg 768w\" sizes=\"auto, (max-width: 960px) 100vw, 960px\" \/><\/figure>\n\n\n\n<p><strong>2026-03-01<\/strong><\/p>\n\n\n\n<p>Szanowni Pa\u0144stwo.<\/p>\n\n\n\n<p>Za nami czas remont\u00f3w. Najpierw nasza Poradnia przesz\u0142a gruntowny remont elewacji, podestu i dachu. Nast\u0119pnie wykonali\u015bmy od\u015bwie\u017cenie wn\u0119trza plac\u00f3wki. Dzi\u0119kujemy Pa\u0144stwu za wyrozumia\u0142o\u015b\u0107 i cieszymy si\u0119, \u017ce mo\u017cemy spotyka\u0107 si\u0119 s\u0142u\u017c\u0105c pomoc\u0105 w budynku, kt\u00f3ry zn\u00f3w nabra\u0142 blasku.<br><br><\/p>\n\n\n\n<figure class=\"wp-block-image size-large\"><img loading=\"lazy\" decoding=\"async\" width=\"1024\" height=\"473\" src=\"https:\/\/przychodniaremedium.pl\/wp-content\/uploads\/2026\/03\/20251216_085232-1024x473.jpg\" alt=\"\" class=\"wp-image-380\" srcset=\"https:\/\/przychodniaremedium.pl\/wp-content\/uploads\/2026\/03\/20251216_085232-1024x473.jpg 1024w, https:\/\/przychodniaremedium.pl\/wp-content\/uploads\/2026\/03\/20251216_085232-300x139.jpg 300w, https:\/\/przychodniaremedium.pl\/wp-content\/uploads\/2026\/03\/20251216_085232-768x355.jpg 768w, https:\/\/przychodniaremedium.pl\/wp-content\/uploads\/2026\/03\/20251216_085232-1536x709.jpg 1536w, https:\/\/przychodniaremedium.pl\/wp-content\/uploads\/2026\/03\/20251216_085232-2048x946.jpg 2048w\" sizes=\"auto, (max-width: 1024px) 100vw, 1024px\" \/><\/figure>\n\n\n\n<h2 class=\"wp-block-heading has-text-align-center\"><strong>To jednak nie koniec zmian w naszej Poradni!<\/strong><\/h2>\n\n\n\n<p class=\"has-text-align-left\">Jest nam niezmiernie mi\u0142o poinformowa\u0107, \u017ce w\u0142a\u015bnie ko\u0144czymy realizacj\u0119 projektu grantowego pn. \u201eWsparcie podstawowej opieki zdrowotnej (POZ)\u201d na podstawie umowy zawartej z Narodowym Funduszem Zdrowia. Projekt dofinansowany jest ze \u015brodk\u00f3w Europejskiego Funduszu Rozwoju Regionalnego w ramach Programu Fundusze Europejskie na Infrastruktur\u0119, Klimat, \u015arodowisko 2021-2027.<\/p>\n\n\n\n<p>Dzi\u0119ki realizacji zaplanowanych zada\u0144 unowocze\u015bnili\u015bmy nasz\u0105 przychodni\u0119 o nowoczesne rozwi\u0105zania informatyczne, gwarantuj\u0105ce bezpieczn\u0105 i stabiln\u0105 prac\u0119 z elektroniczn\u0105 dokumentacj\u0105 medyczn\u0105. <\/p>\n\n\n\n<p>Ponadto nasza Poradnia osi\u0105gn\u0119\u0142a wi\u0119ksz\u0105 samodzielno\u015b\u0107 w zakresie diagnostyki, kt\u00f3ra mo\u017ce by\u0107 wykonywana przez nasz personel na miejscu, w tym aparat USG, holtery, analizatory, nowoczesne wagi, spirometry itd. <br>W trosce o nasze zdrowie, w ramach projektu, wymieniamy nasze lampy UV na nowoczesne urz\u0105dzenia mog\u0105ce pracowa\u0107 w trybie ci\u0105g\u0142ym.<\/p>\n\n\n\n<figure class=\"wp-block-image size-full\"><img loading=\"lazy\" decoding=\"async\" width=\"1024\" height=\"111\" src=\"https:\/\/przychodniaremedium.pl\/wp-content\/uploads\/2026\/03\/image-1.png\" alt=\"\" class=\"wp-image-382\" srcset=\"https:\/\/przychodniaremedium.pl\/wp-content\/uploads\/2026\/03\/image-1.png 1024w, https:\/\/przychodniaremedium.pl\/wp-content\/uploads\/2026\/03\/image-1-300x33.png 300w, https:\/\/przychodniaremedium.pl\/wp-content\/uploads\/2026\/03\/image-1-768x83.png 768w\" sizes=\"auto, (max-width: 1024px) 100vw, 1024px\" \/><\/figure>\n\n\n\n<p><\/p>\n\n\n\n<p><strong>2026-01-01<\/strong><\/p>\n\n\n\n<figure class=\"wp-block-image size-full\"><img loading=\"lazy\" decoding=\"async\" width=\"1024\" height=\"768\" src=\"https:\/\/przychodniaremedium.pl\/wp-content\/uploads\/2026\/01\/Tekst-akapitu-1.png\" alt=\"\" class=\"wp-image-374\" srcset=\"https:\/\/przychodniaremedium.pl\/wp-content\/uploads\/2026\/01\/Tekst-akapitu-1.png 1024w, https:\/\/przychodniaremedium.pl\/wp-content\/uploads\/2026\/01\/Tekst-akapitu-1-300x225.png 300w, https:\/\/przychodniaremedium.pl\/wp-content\/uploads\/2026\/01\/Tekst-akapitu-1-768x576.png 768w\" sizes=\"auto, (max-width: 1024px) 100vw, 1024px\" \/><\/figure>\n\n\n\n<p><strong>2025-12-18<\/strong><\/p>\n\n\n\n<p class=\"has-text-align-center\">Zbli\u017caj\u0105 si\u0119 \u015bwi\u0119ta Bo\u017cego Narodzenia. <\/p>\n\n\n\n<p class=\"has-text-align-center\">Wam, nasi drodzy Pacjenci \u017cyczymy zdrowia, wszelkiej pomy\u015blno\u015bci <br>i pi\u0119knie sp\u0119dzonego czasu z najbli\u017cszymi.<\/p>\n\n\n\n<p><\/p>\n\n\n\n<figure class=\"wp-block-video\"><video height=\"1080\" style=\"aspect-ratio: 1920 \/ 1080;\" width=\"1920\" controls src=\"https:\/\/przychodniaremedium.pl\/wp-content\/uploads\/2025\/12\/Red-Video-centric-Merry-Christmas-Video.mp4\"><\/video><\/figure>\n\n\n\n<p><strong>2025-11-18<\/strong><\/p>\n\n\n\n<figure class=\"wp-block-image size-large\"><a href=\"https:\/\/dziecinstwobezprzemocy.pl\/\"><img loading=\"lazy\" decoding=\"async\" width=\"724\" height=\"1024\" src=\"https:\/\/przychodniaremedium.pl\/wp-content\/uploads\/2025\/11\/PLAKAT-Kampanii-A3-pion-724x1024.jpg\" alt=\"\" class=\"wp-image-364\" srcset=\"https:\/\/przychodniaremedium.pl\/wp-content\/uploads\/2025\/11\/PLAKAT-Kampanii-A3-pion-724x1024.jpg 724w, https:\/\/przychodniaremedium.pl\/wp-content\/uploads\/2025\/11\/PLAKAT-Kampanii-A3-pion-212x300.jpg 212w, https:\/\/przychodniaremedium.pl\/wp-content\/uploads\/2025\/11\/PLAKAT-Kampanii-A3-pion-768x1086.jpg 768w, https:\/\/przychodniaremedium.pl\/wp-content\/uploads\/2025\/11\/PLAKAT-Kampanii-A3-pion-1086x1536.jpg 1086w, https:\/\/przychodniaremedium.pl\/wp-content\/uploads\/2025\/11\/PLAKAT-Kampanii-A3-pion-1448x2048.jpg 1448w, https:\/\/przychodniaremedium.pl\/wp-content\/uploads\/2025\/11\/PLAKAT-Kampanii-A3-pion-scaled.jpg 1810w\" sizes=\"auto, (max-width: 724px) 100vw, 724px\" \/><\/a><\/figure>\n\n\n\n<p><strong>2025-06-17<\/strong><\/p>\n\n\n\n<p>W zwi\u0105zku z okresem wakacyjnym przypominamy o <a href=\"https:\/\/pacjent.gov.pl\/ekuz\">karcie EKUZ<\/a>.<\/p>\n\n\n\n<figure class=\"wp-block-image aligncenter size-large\"><img loading=\"lazy\" decoding=\"async\" width=\"1024\" height=\"304\" src=\"https:\/\/przychodniaremedium.pl\/wp-content\/uploads\/2025\/06\/AdobeStock_220220352-ekuz-rece-hero-1024x304.jpg\" alt=\"\" class=\"wp-image-351\" srcset=\"https:\/\/przychodniaremedium.pl\/wp-content\/uploads\/2025\/06\/AdobeStock_220220352-ekuz-rece-hero-1024x304.jpg 1024w, https:\/\/przychodniaremedium.pl\/wp-content\/uploads\/2025\/06\/AdobeStock_220220352-ekuz-rece-hero-300x89.jpg 300w, https:\/\/przychodniaremedium.pl\/wp-content\/uploads\/2025\/06\/AdobeStock_220220352-ekuz-rece-hero-768x228.jpg 768w, https:\/\/przychodniaremedium.pl\/wp-content\/uploads\/2025\/06\/AdobeStock_220220352-ekuz-rece-hero-1536x455.jpg 1536w, https:\/\/przychodniaremedium.pl\/wp-content\/uploads\/2025\/06\/AdobeStock_220220352-ekuz-rece-hero.jpg 1680w\" sizes=\"auto, (max-width: 1024px) 100vw, 1024px\" \/><\/figure>\n\n\n\n<p><strong>2025-06-17<\/strong><\/p>\n\n\n\n<p>Przypominamy i zach\u0119camy do korzystania z programu profilaktycznego &#8222;Moje zdrowie&#8221;. Wi\u0119cej informacji <a href=\"https:\/\/pacjent.gov.pl\/program-moje-zdrowie\">tutaj<\/a>.<\/p>\n\n\n\n<figure class=\"wp-block-image aligncenter size-full\"><img loading=\"lazy\" decoding=\"async\" width=\"373\" height=\"469\" src=\"https:\/\/przychodniaremedium.pl\/wp-content\/uploads\/2025\/06\/mojez.jpg\" alt=\"\" class=\"wp-image-348\" srcset=\"https:\/\/przychodniaremedium.pl\/wp-content\/uploads\/2025\/06\/mojez.jpg 373w, https:\/\/przychodniaremedium.pl\/wp-content\/uploads\/2025\/06\/mojez-239x300.jpg 239w\" sizes=\"auto, (max-width: 373px) 100vw, 373px\" \/><\/figure>\n\n\n\n<pre class=\"wp-block-verse\"><strong>2025-05-01<\/strong><\/pre>\n\n\n\n<p><strong>Wsparcie podstawowej opieki zdrowotnej (POZ)<\/strong><\/p>\n\n\n\n<p class=\"has-text-align-left\">Jest nam niezmiernie mi\u0142o poinformowa\u0107, \u017ce NZOZ &#8222;Remedium&#8221; realizuje Projekt grantowy pn. \u201eWsparcie podstawowej opieki zdrowotnej (POZ)\u201d na podstawie umowy zawartej z Narodowym Funduszem Zdrowia. Projekt dofinansowany jest ze \u015brodk\u00f3w Europejskiego Funduszu Rozwoju Regionalnego w ramach Programu Fundusze Europejskie na Infrastruktur\u0119, Klimat, \u015arodowisko 2021-2027.<br><br>Ca\u0142kowita warto\u015b\u0107 Projektu to 1 250 000 000,00 z\u0142 z czego wysoko\u015b\u0107 wk\u0142adu Funduszy Europejskich wynosi 996 375 000,00 z\u0142.<br><br>NZOZ &#8222;Remedium&#8221; Lekarska Sp\u00f3\u0142ka Partnerska Barbara Stano i Edyta Bobula-Pi\u0119tka na realizacj\u0119 Przedsi\u0119wzi\u0119cia otrzyma\u0142 grant w wysoko\u015bci 290 000 z\u0142.<br><br>W ramach otrzymanych \u015brodk\u00f3w zmodernizujemy infrastruktur\u0119 informatyczn\u0105 oraz zakupimy nowoczesny sprz\u0119t diagnostyczny (w tym aparatur\u0119 USG i EKG).<br><br>Projekt jest skierowany do wszystkich podmiot\u00f3w wykonuj\u0105cych dzia\u0142alno\u015b\u0107 lecznicz\u0105, posiadaj\u0105cych umow\u0119 z NFZ o udzielanie \u015bwiadcze\u0144 w ramach POZ, a z jego efekt\u00f3w b\u0119d\u0105 mogli korzysta\u0107 pacjenci plac\u00f3wki.<\/p>\n\n\n\n<p><strong>G\u0142\u00f3wne cele Projektu:<\/strong><\/p>\n\n\n\n<ul class=\"wp-block-list\">\n<li>zwi\u0119kszenie dost\u0119pno\u015bci do \u015bwiadcze\u0144 POZ dzia\u0142aj\u0105cych na obszarach s\u0142abiej rozwini\u0119tych gospodarczo i teren\u00f3w wiejskich oraz obszar\u00f3w zagro\u017conych utrat\u0105\/ograniczeniem dost\u0119pu do POZ, poprzez udzielenie odpowiedniego wsparcia w zabezpieczeniu tych podmiot\u00f3w w niezb\u0119dny sprz\u0119t, w tym sprz\u0119t diagnostyczny;<\/li>\n\n\n\n<li>wsparcie w zakresie infrastruktury niezb\u0119dnej do prowadzenia dzia\u0142alno\u015bci leczniczej, kt\u00f3rej celem b\u0119dzie dostosowanie i poprawa funkcjonalno\u015bci pomieszcze\u0144 do poszerzanych \u015bwiadcze\u0144 zdrowotnych w zakresie profilaktyki, diagnostyki i leczenia na poziomie POZ w kontek\u015bcie rozwoju opieki koordynowanej;<\/li>\n\n\n\n<li>zwi\u0119kszenie dost\u0119pno\u015bci i efektywno\u015bci systemu opieki zdrowotnej w zakresie niwelowania r\u00f3\u017cnic regionalnych w dost\u0119pno\u015bci do us\u0142ug zdrowotnych.<br><br><strong>Oczekiwane efekty Projektu:<\/strong><\/li>\n\n\n\n<li>wzrost dost\u0119pno\u015bci do podstawowych i specjalistycznych us\u0142ug  zdrowotnych;<\/li>\n\n\n\n<li>lepsza ochrona zdrowia i dobrostanu obywateli przed zagro\u017ceniami i negatywnymi skutkami zwi\u0105zanymi ze \u015brodowiskiem;<\/li>\n\n\n\n<li>otwarcie nowych plac\u00f3wek POZ, zw\u0142aszcza na terenach o mniejszej g\u0119sto\u015bci zaludnienia;<\/li>\n\n\n\n<li>poprawa jako\u015bci \u015bwiadczonych us\u0142ug zdrowotnych i wzmocnienie odporno\u015bci systemu medycznego.<\/li>\n<\/ul>\n\n\n\n<h6 class=\"wp-block-heading\"><sup><a href=\"https:\/\/www.funduszeeuropejskie.gov.pl\/\">#FunduszeEuropejskie<\/a> <a href=\"https:\/\/european-union.europa.eu\/live-work-study\/funding-grants-subsidies_pl\">#FunduszeUE<\/a> <a href=\"https:\/\/www.nfz.gov.pl\/o-nfz\/programy-i-projekty\/projekty\/wsparcie-podstawowej-opieki-zdrowotnej-poz\/\">#WsparciePOZ<\/a><\/sup><\/h6>\n\n\n\n<figure class=\"wp-block-image size-full\"><img loading=\"lazy\" decoding=\"async\" width=\"1024\" height=\"111\" src=\"https:\/\/przychodniaremedium.pl\/wp-content\/uploads\/2026\/03\/image.png\" alt=\"\" class=\"wp-image-381\" srcset=\"https:\/\/przychodniaremedium.pl\/wp-content\/uploads\/2026\/03\/image.png 1024w, https:\/\/przychodniaremedium.pl\/wp-content\/uploads\/2026\/03\/image-300x33.png 300w, https:\/\/przychodniaremedium.pl\/wp-content\/uploads\/2026\/03\/image-768x83.png 768w\" sizes=\"auto, (max-width: 1024px) 100vw, 1024px\" \/><\/figure>\n","protected":false},"excerpt":{"rendered":"<p>&nbsp; &#8222;Remedium&#8221; Lekarska Sp\u00f3\u0142ka PartnerskaEdyta Bobula-Pi\u0119tka i Monika Sz\u0142apka-Polokul. 3 Maja 36c 44-230 Czerwionka-Leszczyny Nasza poradnia jest czynna w dni robocze od poniedzia\u0142ku do pi\u0105tku w godzinach od 8:00 do 18:00. telefon: 324312650 Adres e-dor\u0119cze\u0144: PL-33127-50656-GDRBR-20 Lokalizacja: 2026-03-23 2026-03-01 Szanowni Pa\u0144stwo. Za nami czas remont\u00f3w. Najpierw nasza Poradnia przesz\u0142a gruntowny remont elewacji, podestu i dachu. [&hellip;]<\/p>\n","protected":false},"author":1,"featured_media":0,"parent":0,"menu_order":0,"comment_status":"closed","ping_status":"closed","template":"","meta":{"footnotes":""},"class_list":["post-2","page","type-page","status-publish","hentry"],"_links":{"self":[{"href":"https:\/\/przychodniaremedium.pl\/index.php?rest_route=\/wp\/v2\/pages\/2","targetHints":{"allow":["GET"]}}],"collection":[{"href":"https:\/\/przychodniaremedium.pl\/index.php?rest_route=\/wp\/v2\/pages"}],"about":[{"href":"https:\/\/przychodniaremedium.pl\/index.php?rest_route=\/wp\/v2\/types\/page"}],"author":[{"embeddable":true,"href":"https:\/\/przychodniaremedium.pl\/index.php?rest_route=\/wp\/v2\/users\/1"}],"replies":[{"embeddable":true,"href":"https:\/\/przychodniaremedium.pl\/index.php?rest_route=%2Fwp%2Fv2%2Fcomments&post=2"}],"version-history":[{"count":59,"href":"https:\/\/przychodniaremedium.pl\/index.php?rest_route=\/wp\/v2\/pages\/2\/revisions"}],"predecessor-version":[{"id":390,"href":"https:\/\/przychodniaremedium.pl\/index.php?rest_route=\/wp\/v2\/pages\/2\/revisions\/390"}],"wp:attachment":[{"href":"https:\/\/przychodniaremedium.pl\/index.php?rest_route=%2Fwp%2Fv2%2Fmedia&parent=2"}],"curies":[{"name":"wp","href":"https:\/\/api.w.org\/{rel}","templated":true}]}}